{"id":121,"date":"2024-10-04T13:20:09","date_gmt":"2024-10-04T11:20:09","guid":{"rendered":"https:\/\/lautrancoise.fr\/?page_id=121"},"modified":"2024-10-10T15:11:06","modified_gmt":"2024-10-10T13:11:06","slug":"residences-secondaires","status":"publish","type":"page","link":"https:\/\/lautrancoise.fr\/index.php\/residences-secondaires\/","title":{"rendered":"R\u00e9sidences Secondaires"},"content":{"rendered":"\n<figure class=\"wp-block-image size-large is-resized\"><img loading=\"lazy\" decoding=\"async\" width=\"1024\" height=\"576\" src=\"https:\/\/lautrancoise.fr\/wp-content\/uploads\/2024\/10\/winter-7689873_1280-1024x576.jpg\" alt=\"\" class=\"wp-image-153\" style=\"width:306px;height:auto\" srcset=\"https:\/\/lautrancoise.fr\/wp-content\/uploads\/2024\/10\/winter-7689873_1280-1024x576.jpg 1024w, https:\/\/lautrancoise.fr\/wp-content\/uploads\/2024\/10\/winter-7689873_1280-300x169.jpg 300w, https:\/\/lautrancoise.fr\/wp-content\/uploads\/2024\/10\/winter-7689873_1280-768x432.jpg 768w, https:\/\/lautrancoise.fr\/wp-content\/uploads\/2024\/10\/winter-7689873_1280.jpg 1280w\" sizes=\"auto, (max-width: 1024px) 100vw, 1024px\" \/><\/figure>\n\n\n\n<p><strong>Propri\u00e9taires de R\u00e9sidences Secondaires <\/strong><\/p>\n\n\n\n<p>En vous proposant des services \u00e0 la carte, vous pourrez profiter pleinement de votre bien que ce soit:<\/p>\n\n\n\n<p>En p\u00e9riode d&rsquo;absence:<\/p>\n\n\n\n<ul class=\"wp-block-list\">\n<li>A\u00e9ration du bien<\/li>\n\n\n\n<li>Rel\u00e8ve de courrier<\/li>\n\n\n\n<li>Suivi de travaux<\/li>\n\n\n\n<li>Ouverture du logement pour diverses prestations (interventions de professionnels, livraison de bois&#8230;)<\/li>\n<\/ul>\n\n\n\n<p>Avant votre arriv\u00e9e (ou apr\u00e8s votre d\u00e9part)<\/p>\n\n\n\n<ul class=\"wp-block-list\">\n<li>P\u00e9paration du logement (courses, pr\u00e9paration des lits, d\u00e9poussi\u00e8rage&#8230;)<\/li>\n\n\n\n<li>Gestion du chauffage<\/li>\n\n\n\n<li>Gestion du linge<\/li>\n\n\n\n<li>M\u00e9nage<\/li>\n<\/ul>\n\n\n\n<p><\/p>\n","protected":false},"excerpt":{"rendered":"<p>Propri\u00e9taires de R\u00e9sidences Secondaires En vous proposant des services \u00e0 la carte, vous pourrez profiter pleinement de votre bien que ce soit: En p\u00e9riode d&rsquo;absence: Avant votre arriv\u00e9e (ou apr\u00e8s votre d\u00e9part)<\/p>\n","protected":false},"author":1,"featured_media":0,"parent":0,"menu_order":0,"comment_status":"closed","ping_status":"closed","template":"","meta":{"footnotes":""},"class_list":["post-121","page","type-page","status-publish","hentry","has-single-img"],"_links":{"self":[{"href":"https:\/\/lautrancoise.fr\/index.php\/wp-json\/wp\/v2\/pages\/121","targetHints":{"allow":["GET"]}}],"collection":[{"href":"https:\/\/lautrancoise.fr\/index.php\/wp-json\/wp\/v2\/pages"}],"about":[{"href":"https:\/\/lautrancoise.fr\/index.php\/wp-json\/wp\/v2\/types\/page"}],"author":[{"embeddable":true,"href":"https:\/\/lautrancoise.fr\/index.php\/wp-json\/wp\/v2\/users\/1"}],"replies":[{"embeddable":true,"href":"https:\/\/lautrancoise.fr\/index.php\/wp-json\/wp\/v2\/comments?post=121"}],"version-history":[{"count":4,"href":"https:\/\/lautrancoise.fr\/index.php\/wp-json\/wp\/v2\/pages\/121\/revisions"}],"predecessor-version":[{"id":156,"href":"https:\/\/lautrancoise.fr\/index.php\/wp-json\/wp\/v2\/pages\/121\/revisions\/156"}],"wp:attachment":[{"href":"https:\/\/lautrancoise.fr\/index.php\/wp-json\/wp\/v2\/media?parent=121"}],"curies":[{"name":"wp","href":"https:\/\/api.w.org\/{rel}","templated":true}]}}