{"id":142,"date":"2024-10-04T13:36:07","date_gmt":"2024-10-04T11:36:07","guid":{"rendered":"https:\/\/lautrancoise.fr\/?page_id=142"},"modified":"2024-10-10T15:19:15","modified_gmt":"2024-10-10T13:19:15","slug":"accueil","status":"publish","type":"page","link":"https:\/\/lautrancoise.fr\/","title":{"rendered":"Accueil"},"content":{"rendered":"\n<p>La conciergerie \u00e0 pour but d&rsquo;aider tous les propri\u00e9taires dans la gestion de leur bien.<\/p>\n\n\n\n<p>Que ce soit en r\u00e9sidence principale afin que les d\u00e9parts et les arriv\u00e9es ne soient plus un tracas ou en locations saisonni\u00e8res.<\/p>\n\n\n\n<figure class=\"wp-block-image size-large is-resized\"><img loading=\"lazy\" decoding=\"async\" width=\"768\" height=\"1024\" src=\"https:\/\/lautrancoise.fr\/wp-content\/uploads\/2024\/10\/agenda-582976_1280-768x1024.jpg\" alt=\"\" class=\"wp-image-158\" style=\"width:300px;height:auto\" srcset=\"https:\/\/lautrancoise.fr\/wp-content\/uploads\/2024\/10\/agenda-582976_1280-768x1024.jpg 768w, https:\/\/lautrancoise.fr\/wp-content\/uploads\/2024\/10\/agenda-582976_1280-225x300.jpg 225w, https:\/\/lautrancoise.fr\/wp-content\/uploads\/2024\/10\/agenda-582976_1280.jpg 960w\" sizes=\"auto, (max-width: 768px) 100vw, 768px\" \/><\/figure>\n","protected":false},"excerpt":{"rendered":"<p>La conciergerie \u00e0 pour but d&rsquo;aider tous les propri\u00e9taires dans la gestion de leur bien. Que ce soit en r\u00e9sidence principale afin que les d\u00e9parts et les arriv\u00e9es ne soient plus un tracas ou en &hellip; <\/p>\n","protected":false},"author":1,"featured_media":0,"parent":0,"menu_order":0,"comment_status":"closed","ping_status":"closed","template":"","meta":{"footnotes":""},"class_list":["post-142","page","type-page","status-publish","hentry","has-single-img"],"_links":{"self":[{"href":"https:\/\/lautrancoise.fr\/index.php\/wp-json\/wp\/v2\/pages\/142","targetHints":{"allow":["GET"]}}],"collection":[{"href":"https:\/\/lautrancoise.fr\/index.php\/wp-json\/wp\/v2\/pages"}],"about":[{"href":"https:\/\/lautrancoise.fr\/index.php\/wp-json\/wp\/v2\/types\/page"}],"author":[{"embeddable":true,"href":"https:\/\/lautrancoise.fr\/index.php\/wp-json\/wp\/v2\/users\/1"}],"replies":[{"embeddable":true,"href":"https:\/\/lautrancoise.fr\/index.php\/wp-json\/wp\/v2\/comments?post=142"}],"version-history":[{"count":3,"href":"https:\/\/lautrancoise.fr\/index.php\/wp-json\/wp\/v2\/pages\/142\/revisions"}],"predecessor-version":[{"id":160,"href":"https:\/\/lautrancoise.fr\/index.php\/wp-json\/wp\/v2\/pages\/142\/revisions\/160"}],"wp:attachment":[{"href":"https:\/\/lautrancoise.fr\/index.php\/wp-json\/wp\/v2\/media?parent=142"}],"curies":[{"name":"wp","href":"https:\/\/api.w.org\/{rel}","templated":true}]}}